{"id":13,"date":"2024-10-23T09:21:41","date_gmt":"2024-10-23T07:21:41","guid":{"rendered":"https:\/\/naturetfusion.com\/?page_id=13"},"modified":"2024-10-24T14:09:56","modified_gmt":"2024-10-24T12:09:56","slug":"contactez-moi","status":"publish","type":"page","link":"https:\/\/naturetfusion.com\/index.php\/contactez-moi\/","title":{"rendered":"Contactez-moi"},"content":{"rendered":"\t\t<div data-elementor-type=\"wp-page\" data-elementor-id=\"13\" class=\"elementor elementor-13\">\n\t\t\t\t<div class=\"elementor-element elementor-element-085605c e-con-full e-flex wpr-particle-no wpr-jarallax-no wpr-parallax-no wpr-sticky-section-no e-con e-parent\" data-id=\"085605c\" data-element_type=\"container\" data-settings=\"{&quot;shape_divider_top&quot;:&quot;curve&quot;}\">\n\t\t\t\t<div class=\"elementor-shape elementor-shape-top\" aria-hidden=\"true\" data-negative=\"false\">\n\t\t\t<svg xmlns=\"http:\/\/www.w3.org\/2000\/svg\" viewBox=\"0 0 1000 100\" preserveAspectRatio=\"none\">\n    <path class=\"elementor-shape-fill\" d=\"M1000,4.3V0H0v4.3C0.9,23.1,126.7,99.2,500,100S1000,22.7,1000,4.3z\"\/>\n<\/svg>\t\t<\/div>\n\t\t\t\t<div class=\"elementor-element elementor-element-d2bd7b8 elementor-widget elementor-widget-image\" data-id=\"d2bd7b8\" data-element_type=\"widget\" data-widget_type=\"image.default\">\n\t\t\t\t<div class=\"elementor-widget-container\">\n\t\t\t\t\t\t\t\t\t\t\t\t\t\t\t<img fetchpriority=\"high\" decoding=\"async\" width=\"1484\" height=\"992\" src=\"https:\/\/naturetfusion.com\/wp-content\/uploads\/2024\/10\/OIP-5-1.jpg\" class=\"attachment-1536x1536 size-1536x1536 wp-image-38\" alt=\"\" srcset=\"https:\/\/naturetfusion.com\/wp-content\/uploads\/2024\/10\/OIP-5-1.jpg 1484w, https:\/\/naturetfusion.com\/wp-content\/uploads\/2024\/10\/OIP-5-1-300x201.jpg 300w, https:\/\/naturetfusion.com\/wp-content\/uploads\/2024\/10\/OIP-5-1-1024x685.jpg 1024w, https:\/\/naturetfusion.com\/wp-content\/uploads\/2024\/10\/OIP-5-1-768x513.jpg 768w\" sizes=\"(max-width: 1484px) 100vw, 1484px\" \/>\t\t\t\t\t\t\t\t\t\t\t\t\t\t\t<\/div>\n\t\t\t\t<\/div>\n\t\t\t\t<\/div>\n\t\t<div class=\"elementor-element elementor-element-ea810f6 e-flex e-con-boxed wpr-particle-no wpr-jarallax-no wpr-parallax-no wpr-sticky-section-no e-con e-parent\" data-id=\"ea810f6\" data-element_type=\"container\">\n\t\t\t\t\t<div class=\"e-con-inner\">\n\t\t\t\t<div class=\"elementor-element elementor-element-5791890 elementor-widget elementor-widget-spacer\" data-id=\"5791890\" data-element_type=\"widget\" data-widget_type=\"spacer.default\">\n\t\t\t\t<div class=\"elementor-widget-container\">\n\t\t\t\t\t\t\t<div class=\"elementor-spacer\">\n\t\t\t<div class=\"elementor-spacer-inner\"><\/div>\n\t\t<\/div>\n\t\t\t\t\t\t<\/div>\n\t\t\t\t<\/div>\n\t\t\t\t\t<\/div>\n\t\t\t\t<\/div>\n\t\t<div class=\"elementor-element elementor-element-7ba446e e-flex e-con-boxed wpr-particle-no wpr-jarallax-no wpr-parallax-no wpr-sticky-section-no e-con e-parent\" data-id=\"7ba446e\" data-element_type=\"container\">\n\t\t\t\t\t<div class=\"e-con-inner\">\n\t\t<div class=\"elementor-element elementor-element-1824ff6 e-con-full e-flex wpr-particle-no wpr-jarallax-no wpr-parallax-no wpr-sticky-section-no e-con e-child\" data-id=\"1824ff6\" data-element_type=\"container\">\n\t\t\t\t<div class=\"elementor-element elementor-element-126dac1 elementor-widget elementor-widget-heading\" data-id=\"126dac1\" data-element_type=\"widget\" data-widget_type=\"heading.default\">\n\t\t\t\t<div class=\"elementor-widget-container\">\n\t\t\t\t\t<h2 class=\"elementor-heading-title elementor-size-default\">Prenez contact avec<\/h2>\t\t\t\t<\/div>\n\t\t\t\t<\/div>\n\t\t\t\t<div class=\"elementor-element elementor-element-50c8f89 elementor-widget elementor-widget-heading\" data-id=\"50c8f89\" data-element_type=\"widget\" data-widget_type=\"heading.default\">\n\t\t\t\t<div class=\"elementor-widget-container\">\n\t\t\t\t\t<h2 class=\"elementor-heading-title elementor-size-default\">avec Nature&amp;Fusion<\/h2>\t\t\t\t<\/div>\n\t\t\t\t<\/div>\n\t\t\t\t<div class=\"elementor-element elementor-element-59c85e6 elementor-widget elementor-widget-text-editor\" data-id=\"59c85e6\" data-element_type=\"widget\" data-widget_type=\"text-editor.default\">\n\t\t\t\t<div class=\"elementor-widget-container\">\n\t\t\t\t\t\t\t\t\t<p>Envoyez-nous un message par e-mail \u00e0 l\u2019adresse <strong>natur&amp;fusion@gmail.com<\/strong> ou remplissez le formulaire ci-dessous. Nous vous r\u00e9pondrons dans les plus brefs d\u00e9lais.<\/p><p>Pour prendre rendez-vous, vous pouvez nous contacter directement par t\u00e9l\u00e9phone au <strong>04 72 42 36 04<\/strong>. Nous sommes disponibles pour vous tous les vendredis de 12h \u00e0 18h, samedis de 12h \u00e0 19h, et dimanches de 12h \u00e0 17h.<\/p><p>Virginie Borremans, massoth\u00e9rapeute et cr\u00e9atrice de produits naturels, vous propose des massages \u00e0 domicile dans la r\u00e9gion de <strong>Ohey, Andenne, Havelange, Hamois, Ciney, Dinant<\/strong>.<br \/>Num\u00e9ro de TVA : <strong>BE 0568506706<\/strong>.<\/p>\t\t\t\t\t\t\t\t<\/div>\n\t\t\t\t<\/div>\n\t\t\t\t<\/div>\n\t\t<div class=\"elementor-element elementor-element-09e034d e-con-full e-flex wpr-particle-no wpr-jarallax-no wpr-parallax-no wpr-sticky-section-no e-con e-child\" data-id=\"09e034d\" data-element_type=\"container\">\n\t\t\t\t<div class=\"elementor-element elementor-element-6d66760 fluentform-widget-submit-button-right fluentform-widget-submit-button-custom elementor-widget elementor-widget-fluent-form-widget\" data-id=\"6d66760\" data-element_type=\"widget\" data-widget_type=\"fluent-form-widget.default\">\n\t\t\t\t<div class=\"elementor-widget-container\">\n\t\t\t\t\t\n            <div class=\"fluentform-widget-wrapper fluentform-widget-align-default\">\n\n            \n            <div class='fluentform ff-default fluentform_wrapper_1 ffs_default_wrap'><form data-form_id=\"1\" id=\"fluentform_1\" class=\"frm-fluent-form fluent_form_1 ff-el-form-top ff_form_instance_1_1 ff-form-loading ffs_default\" data-form_instance=\"ff_form_instance_1_1\" method=\"POST\" ><fieldset  style=\"border: none!important;margin: 0!important;padding: 0!important;background-color: transparent!important;box-shadow: none!important;outline: none!important; min-inline-size: 100%;\">\n                    <legend class=\"ff_screen_reader_title\" style=\"display: block; margin: 0!important;padding: 0!important;height: 0!important;text-indent: -999999px;width: 0!important;overflow:hidden;\">Contact Form Demo<\/legend><input type='hidden' name='__fluent_form_embded_post_id' value='13' \/><input type=\"hidden\" id=\"_fluentform_1_fluentformnonce\" name=\"_fluentform_1_fluentformnonce\" value=\"6ed0cf3f2b\" \/><input type=\"hidden\" name=\"_wp_http_referer\" value=\"\/index.php\/wp-json\/wp\/v2\/pages\/13\" \/><div data-type=\"name-element\" data-name=\"names\" class=\" ff-field_container ff-name-field-wrapper\" ><div class='ff-t-container'><div class='ff-t-cell '><div class='ff-el-group'><div class=\"ff-el-input--label asterisk-right\"><label for='ff_1_names_first_name_' >Nom<\/label><\/div><div class='ff-el-input--content'><input type=\"text\" name=\"names[first_name]\" id=\"ff_1_names_first_name_\" class=\"ff-el-form-control\" placeholder=\"Nom\" aria-invalid=\"false\" aria-required=false><\/div><\/div><\/div><div class='ff-t-cell '><div class='ff-el-group'><div class=\"ff-el-input--label asterisk-right\"><label for='ff_1_names_last_name_' >Pr\u00e9nom<\/label><\/div><div class='ff-el-input--content'><input type=\"text\" name=\"names[last_name]\" id=\"ff_1_names_last_name_\" class=\"ff-el-form-control\" placeholder=\"Pr\u00e9nom\" aria-invalid=\"false\" aria-required=false><\/div><\/div><\/div><\/div><\/div><div class='ff-el-group'><div class=\"ff-el-input--label ff-el-is-required asterisk-right\"><label for='ff_1_email' aria-label=\"Email\">Email<\/label><\/div><div class='ff-el-input--content'><input type=\"email\" name=\"email\" id=\"ff_1_email\" class=\"ff-el-form-control\" placeholder=\"Email \" data-name=\"email\"  aria-invalid=\"false\" aria-required=true><\/div><\/div><div class='ff-el-group'><div class=\"ff-el-input--label asterisk-right\"><label for='ff_1_subject' aria-label=\"Sujet\">Sujet<\/label><\/div><div class='ff-el-input--content'><input type=\"text\" name=\"subject\" class=\"ff-el-form-control\" placeholder=\"Sujet\" data-name=\"subject\" id=\"ff_1_subject\"  aria-invalid=\"false\" aria-required=false><\/div><\/div><div class='ff-el-group'><div class=\"ff-el-input--label ff-el-is-required asterisk-right\"><label for='ff_1_message' aria-label=\"Message\">Message<\/label><\/div><div class='ff-el-input--content'><textarea aria-invalid=\"false\" aria-required=true name=\"message\" id=\"ff_1_message\" class=\"ff-el-form-control\" placeholder=\"Message\" rows=\"4\" cols=\"2\" data-name=\"message\" ><\/textarea><\/div><\/div><div class='ff-el-group ff-text-left ff_submit_btn_wrapper'><button type=\"submit\" class=\"ff-btn ff-btn-submit ff-btn-md ff_btn_style\" >Envoyer<\/button><\/div><\/fieldset><\/form><div id='fluentform_1_errors' class='ff-errors-in-stack ff_form_instance_1_1 ff-form-loading_errors ff_form_instance_1_1_errors'><\/div><\/div>        <script type=\"text\/javascript\">\n            window.fluent_form_ff_form_instance_1_1 = {\"id\":\"1\",\"settings\":{\"layout\":{\"labelPlacement\":\"top\",\"helpMessagePlacement\":\"with_label\",\"errorMessagePlacement\":\"inline\",\"cssClassName\":\"\",\"asteriskPlacement\":\"asterisk-right\"},\"restrictions\":{\"denyEmptySubmission\":{\"enabled\":false}}},\"form_instance\":\"ff_form_instance_1_1\",\"form_id_selector\":\"fluentform_1\",\"rules\":{\"names[first_name]\":{\"required\":{\"value\":false,\"message\":\"This field is required\",\"global\":false,\"global_message\":\"Ce champ est obligatoire\"}},\"names[middle_name]\":{\"required\":{\"value\":false,\"message\":\"This field is required\",\"global\":false,\"global_message\":\"Ce champ est obligatoire\"}},\"names[last_name]\":{\"required\":{\"value\":false,\"message\":\"This field is required\",\"global\":false,\"global_message\":\"Ce champ est obligatoire\"}},\"email\":{\"required\":{\"value\":true,\"message\":\"This field is required\",\"global\":false,\"global_message\":\"Ce champ est obligatoire\"},\"email\":{\"value\":true,\"message\":\"This field must contain a valid email\",\"global\":false,\"global_message\":\"Ce champ doit contenir un e-mail valide\"}},\"subject\":{\"required\":{\"value\":false,\"message\":\"This field is required\",\"global\":false,\"global_message\":\"Ce champ est obligatoire\"}},\"message\":{\"required\":{\"value\":true,\"message\":\"This field is required\",\"global\":false,\"global_message\":\"Ce champ est obligatoire\"}}},\"debounce_time\":300};\n                    <\/script>\n                    <\/div>\n\n            \t\t\t\t<\/div>\n\t\t\t\t<\/div>\n\t\t\t\t<\/div>\n\t\t\t\t\t<\/div>\n\t\t\t\t<\/div>\n\t\t<div class=\"elementor-element elementor-element-ec925fb e-con-full e-flex wpr-particle-no wpr-jarallax-no wpr-parallax-no wpr-sticky-section-no e-con e-parent\" data-id=\"ec925fb\" data-element_type=\"container\">\n\t\t<div class=\"elementor-element elementor-element-a75d84c e-con-full e-flex wpr-particle-no wpr-jarallax-no wpr-parallax-no wpr-sticky-section-no e-con e-child\" data-id=\"a75d84c\" data-element_type=\"container\">\n\t\t\t\t<div class=\"elementor-element elementor-element-1ab1c92 elementor-widget elementor-widget-spacer\" data-id=\"1ab1c92\" data-element_type=\"widget\" data-widget_type=\"spacer.default\">\n\t\t\t\t<div class=\"elementor-widget-container\">\n\t\t\t\t\t\t\t<div class=\"elementor-spacer\">\n\t\t\t<div class=\"elementor-spacer-inner\"><\/div>\n\t\t<\/div>\n\t\t\t\t\t\t<\/div>\n\t\t\t\t<\/div>\n\t\t\t\t<div class=\"elementor-element elementor-element-141144a elementor-widget elementor-widget-heading\" data-id=\"141144a\" data-element_type=\"widget\" data-widget_type=\"heading.default\">\n\t\t\t\t<div class=\"elementor-widget-container\">\n\t\t\t\t\t<h2 class=\"elementor-heading-title elementor-size-default\">Inscrivez-vous\n<\/h2>\t\t\t\t<\/div>\n\t\t\t\t<\/div>\n\t\t\t\t<div class=\"elementor-element elementor-element-c9df041 elementor-widget elementor-widget-text-editor\" data-id=\"c9df041\" data-element_type=\"widget\" data-widget_type=\"text-editor.default\">\n\t\t\t\t<div class=\"elementor-widget-container\">\n\t\t\t\t\t\t\t\t\t<p>\u00e0 notre Newsletter<\/p>\t\t\t\t\t\t\t\t<\/div>\n\t\t\t\t<\/div>\n\t\t\t\t<div class=\"elementor-element elementor-element-49b50f2 fluentform-widget-submit-button-custom elementor-widget elementor-widget-fluent-form-widget\" data-id=\"49b50f2\" data-element_type=\"widget\" data-widget_type=\"fluent-form-widget.default\">\n\t\t\t\t<div class=\"elementor-widget-container\">\n\t\t\t\t\t\n            <div class=\"fluentform-widget-wrapper fluentform-widget-align-default\">\n\n            \n            <div class='fluentform ff-default fluentform_wrapper_2 ffs_default_wrap'><form data-form_id=\"2\" id=\"fluentform_2\" class=\"frm-fluent-form fluent_form_2 ff-el-form-top ff_form_instance_2_2 ff-form-loading ffs_default\" data-form_instance=\"ff_form_instance_2_2\" method=\"POST\" ><fieldset  style=\"border: none!important;margin: 0!important;padding: 0!important;background-color: transparent!important;box-shadow: none!important;outline: none!important; min-inline-size: 100%;\">\n                    <legend class=\"ff_screen_reader_title\" style=\"display: block; margin: 0!important;padding: 0!important;height: 0!important;text-indent: -999999px;width: 0!important;overflow:hidden;\">Subscription Form<\/legend><input type='hidden' name='__fluent_form_embded_post_id' value='13' \/><input type=\"hidden\" id=\"_fluentform_2_fluentformnonce\" name=\"_fluentform_2_fluentformnonce\" value=\"6ed0cf3f2b\" \/><input type=\"hidden\" name=\"_wp_http_referer\" value=\"\/index.php\/wp-json\/wp\/v2\/pages\/13\" \/><div class='ff-el-group'><div class='ff-el-input--content'><input type=\"email\" name=\"email\" id=\"ff_2_2_email\" class=\"ff-el-form-control\" placeholder=\"Email*\" data-name=\"email\"  aria-invalid=\"false\" aria-required=false><\/div><\/div><div class='ff-el-group ff-text-center ff_submit_btn_wrapper'><button type=\"submit\" class=\"ff-btn ff-btn-submit ff-btn-lg ff_btn_style\" >S'inscrire<\/button><\/div><\/fieldset><\/form><div id='fluentform_2_errors' class='ff-errors-in-stack ff_form_instance_2_2 ff-form-loading_errors ff_form_instance_2_2_errors'><\/div><\/div>        <script type=\"text\/javascript\">\n            window.fluent_form_ff_form_instance_2_2 = {\"id\":\"2\",\"settings\":{\"layout\":{\"labelPlacement\":\"top\",\"helpMessagePlacement\":\"with_label\",\"errorMessagePlacement\":\"inline\",\"asteriskPlacement\":\"asterisk-right\"},\"restrictions\":{\"denyEmptySubmission\":{\"enabled\":false}}},\"form_instance\":\"ff_form_instance_2_2\",\"form_id_selector\":\"fluentform_2\",\"rules\":{\"email\":{\"required\":{\"value\":false,\"message\":\"Ce champ est obligatoire\",\"global_message\":\"Ce champ est obligatoire\",\"global\":true},\"email\":{\"value\":true,\"message\":\"Ce champ doit contenir un e-mail valide\",\"global_message\":\"Ce champ doit contenir un e-mail valide\",\"global\":true}}},\"debounce_time\":300};\n                    <\/script>\n                    <\/div>\n\n            \t\t\t\t<\/div>\n\t\t\t\t<\/div>\n\t\t\t\t<div class=\"elementor-element elementor-element-da10fab elementor-widget elementor-widget-spacer\" data-id=\"da10fab\" data-element_type=\"widget\" data-widget_type=\"spacer.default\">\n\t\t\t\t<div class=\"elementor-widget-container\">\n\t\t\t\t\t\t\t<div class=\"elementor-spacer\">\n\t\t\t<div class=\"elementor-spacer-inner\"><\/div>\n\t\t<\/div>\n\t\t\t\t\t\t<\/div>\n\t\t\t\t<\/div>\n\t\t\t\t<\/div>\n\t\t\t\t<\/div>\n\t\t\t\t<\/div>\n\t\t","protected":false},"excerpt":{"rendered":"<p>Prenez contact avec avec Nature&amp;Fusion Envoyez-nous un message par e-mail \u00e0 l\u2019adresse natur&amp;fusion@gmail.com ou remplissez le formulaire ci-dessous. Nous vous r\u00e9pondrons dans les plus brefs d\u00e9lais. Pour prendre rendez-vous, vous pouvez nous contacter directement par t\u00e9l\u00e9phone au 04 72 42 36 04. Nous sommes disponibles pour vous tous les vendredis de 12h \u00e0 18h, samedis de 12h \u00e0 19h, et dimanches de 12h \u00e0 17h. Virginie Borremans, massoth\u00e9rapeute et cr\u00e9atrice de produits naturels, vous propose des massages \u00e0 domicile dans la r\u00e9gion de Ohey, Andenne, Havelange, Hamois, Ciney, Dinant.Num\u00e9ro de TVA : BE 0568506706. Contact Form Demo NomPr\u00e9nomEmailSujetMessageEnvoyer Inscrivez-vous \u00e0 notre Newsletter Subscription Form S&rsquo;inscrire<\/p>\n","protected":false},"author":1,"featured_media":0,"parent":0,"menu_order":0,"comment_status":"closed","ping_status":"closed","template":"","meta":{"_kad_post_transparent":"","_kad_post_title":"hide","_kad_post_layout":"fullwidth","_kad_post_sidebar_id":"","_kad_post_content_style":"unboxed","_kad_post_vertical_padding":"hide","_kad_post_feature":"hide","_kad_post_feature_position":"","_kad_post_header":false,"_kad_post_footer":false,"footnotes":""},"class_list":["post-13","page","type-page","status-publish","hentry"],"_links":{"self":[{"href":"https:\/\/naturetfusion.com\/index.php\/wp-json\/wp\/v2\/pages\/13","targetHints":{"allow":["GET"]}}],"collection":[{"href":"https:\/\/naturetfusion.com\/index.php\/wp-json\/wp\/v2\/pages"}],"about":[{"href":"https:\/\/naturetfusion.com\/index.php\/wp-json\/wp\/v2\/types\/page"}],"author":[{"embeddable":true,"href":"https:\/\/naturetfusion.com\/index.php\/wp-json\/wp\/v2\/users\/1"}],"replies":[{"embeddable":true,"href":"https:\/\/naturetfusion.com\/index.php\/wp-json\/wp\/v2\/comments?post=13"}],"version-history":[{"count":40,"href":"https:\/\/naturetfusion.com\/index.php\/wp-json\/wp\/v2\/pages\/13\/revisions"}],"predecessor-version":[{"id":181,"href":"https:\/\/naturetfusion.com\/index.php\/wp-json\/wp\/v2\/pages\/13\/revisions\/181"}],"wp:attachment":[{"href":"https:\/\/naturetfusion.com\/index.php\/wp-json\/wp\/v2\/media?parent=13"}],"curies":[{"name":"wp","href":"https:\/\/api.w.org\/{rel}","templated":true}]}}